{"id":6167,"date":"2021-03-30T20:35:02","date_gmt":"2021-03-31T01:35:02","guid":{"rendered":"https:\/\/inpacta.org\/inpavac\/?page_id=6167"},"modified":"2026-04-10T15:44:01","modified_gmt":"2026-04-10T20:44:01","slug":"revista","status":"publish","type":"page","link":"https:\/\/inpacta.org\/inpavac\/inicio\/revista\/","title":{"rendered":"Revista"},"content":{"rendered":"\t\t<div data-elementor-type=\"wp-post\" data-elementor-id=\"6167\" class=\"elementor elementor-6167\">\n\t\t\t\t\t\t<section class=\"elementor-section elementor-top-section elementor-element elementor-element-3337 elementor-section-boxed elementor-section-height-default elementor-section-height-default\" data-id=\"3337\" data-element_type=\"section\">\n\t\t\t\t\t\t<div class=\"elementor-container elementor-column-gap-default\">\n\t\t\t\t\t<div class=\"elementor-column elementor-col-100 elementor-top-column elementor-element elementor-element-5836\" data-id=\"5836\" data-element_type=\"column\">\n\t\t\t<div class=\"elementor-widget-wrap elementor-element-populated\">\n\t\t\t\t\t\t<section class=\"elementor-section elementor-inner-section elementor-element elementor-element-5d1 elementor-section-boxed elementor-section-height-default elementor-section-height-default\" data-id=\"5d1\" data-element_type=\"section\">\n\t\t\t\t\t\t<div class=\"elementor-container elementor-column-gap-default\">\n\t\t\t\t\t<div class=\"elementor-column elementor-col-100 elementor-inner-column elementor-element elementor-element-7c0c\" data-id=\"7c0c\" data-element_type=\"column\">\n\t\t\t<div class=\"elementor-widget-wrap elementor-element-populated\">\n\t\t\t\t\t\t<div class=\"elementor-element elementor-element-ecc86f0 elementor-widget elementor-widget-heading\" data-id=\"ecc86f0\" data-element_type=\"widget\" data-widget_type=\"heading.default\">\n\t\t\t\t<div class=\"elementor-widget-container\">\n\t\t\t\t\t<h2 class=\"elementor-heading-title elementor-size-default\"><i>Taki kapchiy <\/i>revista dedicada a la difusi\u00f3n del conocimiento ac\u00fastico en Iberoam\u00e9rica<\/h2>\t\t\t\t<\/div>\n\t\t\t\t<\/div>\n\t\t\t\t<div class=\"elementor-element elementor-element-dfcebcb elementor-widget__width-initial elementor-widget elementor-widget-text-editor\" data-id=\"dfcebcb\" data-element_type=\"widget\" data-widget_type=\"text-editor.default\">\n\t\t\t\t<div class=\"elementor-widget-container\">\n\t\t\t\t\t\t\t\t\t<p>En diciembre de 2019 junto a la creaci\u00f3n del Instituto de Ac\u00fastica y Vibroac\u00fastica del Per\u00fa (INPAVAC), se concibi\u00f3 la edici\u00f3n de una publicaci\u00f3n acad\u00e9mica titulada Taki kapchiy, del quechua: Taki, sonido\/canto; Kapchiy, arte\/destreza. Se eligi\u00f3 esta frase del Quechua porque en dos palabras resume la psicoac\u00fastica, vinculando el arte y el sonido con los sentidos, y reconocer una de las lenguas originarias de Per\u00fa.<\/p><p><a href=\"https:\/\/zenodo.org\/communities\/inpavac\/records?q=&amp;l=list&amp;p=1&amp;s=10&amp;sort=newest\" target=\"_blank\" rel=\"noopener\"><img fetchpriority=\"high\" decoding=\"async\" class=\"alignright wp-image-8977\" src=\"https:\/\/inpacta.org\/inpavac\/wp-content\/uploads\/2026\/04\/caratula-revista-taki-kapchiy-238x300.jpg\" alt=\"\" width=\"370\" height=\"467\" srcset=\"https:\/\/inpacta.org\/inpavac\/wp-content\/uploads\/2026\/04\/caratula-revista-taki-kapchiy-238x300.jpg 238w, https:\/\/inpacta.org\/inpavac\/wp-content\/uploads\/2026\/04\/caratula-revista-taki-kapchiy.jpg 417w\" sizes=\"(max-width: 370px) 100vw, 370px\" \/><\/a>Taki kapchiy ser\u00e1 cuatrimestral y apostamos por el Acceso Abierto (Open Access), respaldado por Zenodo y registros ISSN\/DOI, para garantizar que el conocimiento trascienda fronteras.<\/p><p>Esta revista ser\u00e1 una invitaci\u00f3n a redescubrir nuestra realidad sonora desde una perspectiva t\u00e9cnica, cultural y profundamente humana.<\/p><p>Taki kapchiy<br \/>Dep\u00f3sito Legal en la BNP N\u00b0 2026-02066<br \/>ISSN: 3119-7868 (En l\u00ednea)<\/p>\t\t\t\t\t\t\t\t<\/div>\n\t\t\t\t<\/div>\n\t\t\t\t\t<\/div>\n\t\t<\/div>\n\t\t\t\t\t<\/div>\n\t\t<\/section>\n\t\t\t\t\t<\/div>\n\t\t<\/div>\n\t\t\t\t\t<\/div>\n\t\t<\/section>\n\t\t\t\t<section class=\"elementor-section elementor-top-section elementor-element elementor-element-78aae54 elementor-section-boxed elementor-section-height-default elementor-section-height-default\" data-id=\"78aae54\" data-element_type=\"section\">\n\t\t\t\t\t\t<div class=\"elementor-container elementor-column-gap-default\">\n\t\t\t\t\t<div class=\"elementor-column elementor-col-100 elementor-top-column elementor-element elementor-element-18e5000\" data-id=\"18e5000\" data-element_type=\"column\">\n\t\t\t<div class=\"elementor-widget-wrap elementor-element-populated\">\n\t\t\t\t\t\t<div class=\"elementor-element elementor-element-ad64639 elementor-widget elementor-widget-spacer\" data-id=\"ad64639\" data-element_type=\"widget\" data-widget_type=\"spacer.default\">\n\t\t\t\t<div class=\"elementor-widget-container\">\n\t\t\t\t\t\t\t<div class=\"elementor-spacer\">\n\t\t\t<div class=\"elementor-spacer-inner\"><\/div>\n\t\t<\/div>\n\t\t\t\t\t\t<\/div>\n\t\t\t\t<\/div>\n\t\t\t\t\t<\/div>\n\t\t<\/div>\n\t\t\t\t\t<\/div>\n\t\t<\/section>\n\t\t\t\t<\/div>\n\t\t","protected":false},"excerpt":{"rendered":"<p>Taki kapchiy revista dedicada a la difusi\u00f3n del conocimiento ac\u00fastico en Iberoam\u00e9rica En diciembre de 2019 junto a la creaci\u00f3n del Instituto de Ac\u00fastica y Vibroac\u00fastica del Per\u00fa (INPAVAC), se concibi\u00f3 la edici\u00f3n de una publicaci\u00f3n acad\u00e9mica titulada Taki kapchiy, del quechua: Taki, sonido\/canto; Kapchiy, arte\/destreza. Se eligi\u00f3 esta frase del Quechua porque en dos [&hellip;]<\/p>\n","protected":false},"author":1,"featured_media":0,"parent":612,"menu_order":0,"comment_status":"closed","ping_status":"closed","template":"elementor_header_footer","meta":{"footnotes":""},"class_list":["post-6167","page","type-page","status-publish","hentry"],"yoast_head":"<!-- This site is optimized with the Yoast SEO plugin v26.0 - https:\/\/yoast.com\/wordpress\/plugins\/seo\/ -->\n<title>Revista - Inpavac<\/title>\n<meta name=\"robots\" content=\"index, follow, max-snippet:-1, max-image-preview:large, max-video-preview:-1\" \/>\n<link rel=\"canonical\" href=\"https:\/\/inpacta.org\/inpavac\/inicio\/revista\/\" \/>\n<meta property=\"og:locale\" content=\"es_ES\" \/>\n<meta property=\"og:type\" content=\"article\" \/>\n<meta property=\"og:title\" content=\"Revista - Inpavac\" \/>\n<meta property=\"og:description\" content=\"Taki kapchiy revista dedicada a la difusi\u00f3n del conocimiento ac\u00fastico en Iberoam\u00e9rica En diciembre de 2019 junto a la creaci\u00f3n del Instituto de Ac\u00fastica y Vibroac\u00fastica del Per\u00fa (INPAVAC), se concibi\u00f3 la edici\u00f3n de una publicaci\u00f3n acad\u00e9mica titulada Taki kapchiy, del quechua: Taki, sonido\/canto; Kapchiy, arte\/destreza. Se eligi\u00f3 esta frase del Quechua porque en dos [&hellip;]\" \/>\n<meta property=\"og:url\" content=\"https:\/\/inpacta.org\/inpavac\/inicio\/revista\/\" \/>\n<meta property=\"og:site_name\" content=\"Inpavac\" \/>\n<meta property=\"article:modified_time\" content=\"2026-04-10T20:44:01+00:00\" \/>\n<meta property=\"og:image\" content=\"https:\/\/inpacta.org\/inpavac\/wp-content\/uploads\/2026\/04\/caratula-revista-taki-kapchiy-238x300.jpg\" \/>\n<meta name=\"twitter:card\" content=\"summary_large_image\" \/>\n<meta name=\"twitter:label1\" content=\"Tiempo de lectura\" \/>\n\t<meta name=\"twitter:data1\" content=\"1 minuto\" \/>\n<script type=\"application\/ld+json\" class=\"yoast-schema-graph\">{\"@context\":\"https:\/\/schema.org\",\"@graph\":[{\"@type\":\"WebPage\",\"@id\":\"https:\/\/inpacta.org\/inpavac\/inicio\/revista\/\",\"url\":\"https:\/\/inpacta.org\/inpavac\/inicio\/revista\/\",\"name\":\"Revista - Inpavac\",\"isPartOf\":{\"@id\":\"https:\/\/inpacta.org\/inpavac\/#website\"},\"primaryImageOfPage\":{\"@id\":\"https:\/\/inpacta.org\/inpavac\/inicio\/revista\/#primaryimage\"},\"image\":{\"@id\":\"https:\/\/inpacta.org\/inpavac\/inicio\/revista\/#primaryimage\"},\"thumbnailUrl\":\"https:\/\/inpacta.org\/inpavac\/wp-content\/uploads\/2026\/04\/caratula-revista-taki-kapchiy-238x300.jpg\",\"datePublished\":\"2021-03-31T01:35:02+00:00\",\"dateModified\":\"2026-04-10T20:44:01+00:00\",\"breadcrumb\":{\"@id\":\"https:\/\/inpacta.org\/inpavac\/inicio\/revista\/#breadcrumb\"},\"inLanguage\":\"es\",\"potentialAction\":[{\"@type\":\"ReadAction\",\"target\":[\"https:\/\/inpacta.org\/inpavac\/inicio\/revista\/\"]}]},{\"@type\":\"ImageObject\",\"inLanguage\":\"es\",\"@id\":\"https:\/\/inpacta.org\/inpavac\/inicio\/revista\/#primaryimage\",\"url\":\"https:\/\/inpacta.org\/inpavac\/wp-content\/uploads\/2026\/04\/caratula-revista-taki-kapchiy.jpg\",\"contentUrl\":\"https:\/\/inpacta.org\/inpavac\/wp-content\/uploads\/2026\/04\/caratula-revista-taki-kapchiy.jpg\",\"width\":417,\"height\":526},{\"@type\":\"BreadcrumbList\",\"@id\":\"https:\/\/inpacta.org\/inpavac\/inicio\/revista\/#breadcrumb\",\"itemListElement\":[{\"@type\":\"ListItem\",\"position\":1,\"name\":\"Portada\",\"item\":\"https:\/\/inpacta.org\/inpavac\/\"},{\"@type\":\"ListItem\",\"position\":2,\"name\":\"inicio\",\"item\":\"https:\/\/inpacta.org\/inpavac\/\"},{\"@type\":\"ListItem\",\"position\":3,\"name\":\"Revista\"}]},{\"@type\":\"WebSite\",\"@id\":\"https:\/\/inpacta.org\/inpavac\/#website\",\"url\":\"https:\/\/inpacta.org\/inpavac\/\",\"name\":\"Inpavac\",\"description\":\"Instituto para el acondicionamiento, conservaci\u00f3ny desarrollo territorial\",\"potentialAction\":[{\"@type\":\"SearchAction\",\"target\":{\"@type\":\"EntryPoint\",\"urlTemplate\":\"https:\/\/inpacta.org\/inpavac\/?s={search_term_string}\"},\"query-input\":{\"@type\":\"PropertyValueSpecification\",\"valueRequired\":true,\"valueName\":\"search_term_string\"}}],\"inLanguage\":\"es\"}]}<\/script>\n<!-- \/ Yoast SEO plugin. -->","yoast_head_json":{"title":"Revista - Inpavac","robots":{"index":"index","follow":"follow","max-snippet":"max-snippet:-1","max-image-preview":"max-image-preview:large","max-video-preview":"max-video-preview:-1"},"canonical":"https:\/\/inpacta.org\/inpavac\/inicio\/revista\/","og_locale":"es_ES","og_type":"article","og_title":"Revista - Inpavac","og_description":"Taki kapchiy revista dedicada a la difusi\u00f3n del conocimiento ac\u00fastico en Iberoam\u00e9rica En diciembre de 2019 junto a la creaci\u00f3n del Instituto de Ac\u00fastica y Vibroac\u00fastica del Per\u00fa (INPAVAC), se concibi\u00f3 la edici\u00f3n de una publicaci\u00f3n acad\u00e9mica titulada Taki kapchiy, del quechua: Taki, sonido\/canto; Kapchiy, arte\/destreza. Se eligi\u00f3 esta frase del Quechua porque en dos [&hellip;]","og_url":"https:\/\/inpacta.org\/inpavac\/inicio\/revista\/","og_site_name":"Inpavac","article_modified_time":"2026-04-10T20:44:01+00:00","og_image":[{"url":"https:\/\/inpacta.org\/inpavac\/wp-content\/uploads\/2026\/04\/caratula-revista-taki-kapchiy-238x300.jpg","type":"","width":"","height":""}],"twitter_card":"summary_large_image","twitter_misc":{"Tiempo de lectura":"1 minuto"},"schema":{"@context":"https:\/\/schema.org","@graph":[{"@type":"WebPage","@id":"https:\/\/inpacta.org\/inpavac\/inicio\/revista\/","url":"https:\/\/inpacta.org\/inpavac\/inicio\/revista\/","name":"Revista - Inpavac","isPartOf":{"@id":"https:\/\/inpacta.org\/inpavac\/#website"},"primaryImageOfPage":{"@id":"https:\/\/inpacta.org\/inpavac\/inicio\/revista\/#primaryimage"},"image":{"@id":"https:\/\/inpacta.org\/inpavac\/inicio\/revista\/#primaryimage"},"thumbnailUrl":"https:\/\/inpacta.org\/inpavac\/wp-content\/uploads\/2026\/04\/caratula-revista-taki-kapchiy-238x300.jpg","datePublished":"2021-03-31T01:35:02+00:00","dateModified":"2026-04-10T20:44:01+00:00","breadcrumb":{"@id":"https:\/\/inpacta.org\/inpavac\/inicio\/revista\/#breadcrumb"},"inLanguage":"es","potentialAction":[{"@type":"ReadAction","target":["https:\/\/inpacta.org\/inpavac\/inicio\/revista\/"]}]},{"@type":"ImageObject","inLanguage":"es","@id":"https:\/\/inpacta.org\/inpavac\/inicio\/revista\/#primaryimage","url":"https:\/\/inpacta.org\/inpavac\/wp-content\/uploads\/2026\/04\/caratula-revista-taki-kapchiy.jpg","contentUrl":"https:\/\/inpacta.org\/inpavac\/wp-content\/uploads\/2026\/04\/caratula-revista-taki-kapchiy.jpg","width":417,"height":526},{"@type":"BreadcrumbList","@id":"https:\/\/inpacta.org\/inpavac\/inicio\/revista\/#breadcrumb","itemListElement":[{"@type":"ListItem","position":1,"name":"Portada","item":"https:\/\/inpacta.org\/inpavac\/"},{"@type":"ListItem","position":2,"name":"inicio","item":"https:\/\/inpacta.org\/inpavac\/"},{"@type":"ListItem","position":3,"name":"Revista"}]},{"@type":"WebSite","@id":"https:\/\/inpacta.org\/inpavac\/#website","url":"https:\/\/inpacta.org\/inpavac\/","name":"Inpavac","description":"Instituto para el acondicionamiento, conservaci\u00f3ny desarrollo territorial","potentialAction":[{"@type":"SearchAction","target":{"@type":"EntryPoint","urlTemplate":"https:\/\/inpacta.org\/inpavac\/?s={search_term_string}"},"query-input":{"@type":"PropertyValueSpecification","valueRequired":true,"valueName":"search_term_string"}}],"inLanguage":"es"}]}},"_links":{"self":[{"href":"https:\/\/inpacta.org\/inpavac\/wp-json\/wp\/v2\/pages\/6167","targetHints":{"allow":["GET"]}}],"collection":[{"href":"https:\/\/inpacta.org\/inpavac\/wp-json\/wp\/v2\/pages"}],"about":[{"href":"https:\/\/inpacta.org\/inpavac\/wp-json\/wp\/v2\/types\/page"}],"author":[{"embeddable":true,"href":"https:\/\/inpacta.org\/inpavac\/wp-json\/wp\/v2\/users\/1"}],"replies":[{"embeddable":true,"href":"https:\/\/inpacta.org\/inpavac\/wp-json\/wp\/v2\/comments?post=6167"}],"version-history":[{"count":70,"href":"https:\/\/inpacta.org\/inpavac\/wp-json\/wp\/v2\/pages\/6167\/revisions"}],"predecessor-version":[{"id":9073,"href":"https:\/\/inpacta.org\/inpavac\/wp-json\/wp\/v2\/pages\/6167\/revisions\/9073"}],"up":[{"embeddable":true,"href":"https:\/\/inpacta.org\/inpavac\/wp-json\/wp\/v2\/pages\/612"}],"wp:attachment":[{"href":"https:\/\/inpacta.org\/inpavac\/wp-json\/wp\/v2\/media?parent=6167"}],"curies":[{"name":"wp","href":"https:\/\/api.w.org\/{rel}","templated":true}]}}