{"id":8125,"date":"2021-10-12T19:39:55","date_gmt":"2021-10-13T00:39:55","guid":{"rendered":"https:\/\/inpacta.org\/inpavac\/?page_id=8125"},"modified":"2021-10-12T20:49:45","modified_gmt":"2021-10-13T01:49:45","slug":"el-ruido-ambiental-en-magdalena-del-mar-en-tiempos-de-la-covid","status":"publish","type":"page","link":"https:\/\/inpacta.org\/inpavac\/inicio\/laboratorio\/el-ruido-ambiental-en-magdalena-del-mar-en-tiempos-de-la-covid\/","title":{"rendered":"El ruido ambiental en Magdalena del Mar en tiempos de la COVID"},"content":{"rendered":"\t\t<div data-elementor-type=\"wp-post\" data-elementor-id=\"8125\" class=\"elementor elementor-8125\">\n\t\t\t\t\t\t<section class=\"elementor-section elementor-top-section elementor-element elementor-element-6c6ffcf elementor-section-boxed elementor-section-height-default elementor-section-height-default\" data-id=\"6c6ffcf\" data-element_type=\"section\">\n\t\t\t\t\t\t<div class=\"elementor-container elementor-column-gap-default\">\n\t\t\t\t\t<div class=\"elementor-column elementor-col-100 elementor-top-column elementor-element elementor-element-a2387ea\" data-id=\"a2387ea\" data-element_type=\"column\">\n\t\t\t<div class=\"elementor-widget-wrap elementor-element-populated\">\n\t\t\t\t\t\t<div class=\"elementor-element elementor-element-51bdc3a elementor-widget elementor-widget-spacer\" data-id=\"51bdc3a\" data-element_type=\"widget\" data-widget_type=\"spacer.default\">\n\t\t\t\t<div class=\"elementor-widget-container\">\n\t\t\t\t\t\t\t<div class=\"elementor-spacer\">\n\t\t\t<div class=\"elementor-spacer-inner\"><\/div>\n\t\t<\/div>\n\t\t\t\t\t\t<\/div>\n\t\t\t\t<\/div>\n\t\t\t\t<div class=\"elementor-element elementor-element-22951bd elementor-widget elementor-widget-text-editor\" data-id=\"22951bd\" data-element_type=\"widget\" data-widget_type=\"text-editor.default\">\n\t\t\t\t<div class=\"elementor-widget-container\">\n\t\t\t\t\t\t\t\t\t<p>Desde febrero de 2020 en una azotea de una quinta en Magdalena del Mar, se inici\u00f3 un monitoreo de ruido ambiental para registrar el nivel sonoro producido por el sobrevuelo de aeronaves. En marzo la cuarentena impuesta por el gobierno para controlar la propagaci\u00f3n de la pandemia, produjo el cierre del aeropuerto internacional de Lima, y sumando a esto la inmovilizaci\u00f3n de las personas, el nivel de ruido urbano disminuy\u00f3 a valores nunca antes imaginados.<br \/>\u00a0<br \/><span style=\"color: var( --e-global-color-text ); font-family: var( --e-global-typography-text-font-family ), Sans-serif; font-weight: var( --e-global-typography-text-font-weight );\">El monitoreo del nivel sonoro se est\u00e1 realizando con un sensor de ruido, que transmite v\u00eda WIFI a una nube el registro del ruido ambiental, y se descargan los datos diariamente para analizarlos. Regularmente se presentan reportes en las redes sociales, especialmente en el grupo de LINKEDIN <\/span><a style=\"font-family: var( --e-global-typography-text-font-family ), Sans-serif; font-weight: var( --e-global-typography-text-font-weight ); background-color: #ffffff;\" href=\"https:\/\/www.linkedin.com\/groups\/13844820\/\" target=\"_blank\" rel=\"noopener\">https:\/\/www.linkedin.com\/groups\/13844820\/<\/a><\/p><p><span style=\"color: var( --e-global-color-text ); font-family: var( --e-global-typography-text-font-family ), Sans-serif; font-weight: var( --e-global-typography-text-font-weight );\">Todos los art\u00edculos publicados con los resultados de la investigaci\u00f3n de c\u00f3mo variaron los niveles de ruido en Magdalena a consecuencia de la COVID, fueron evaluados y aprobados por peer-review (revisi\u00f3n a doble-ciego por pares).<\/span><\/p><p><span style=\"color: var( --e-global-color-text ); font-family: var( --e-global-typography-text-font-family ), Sans-serif; font-weight: var( --e-global-typography-text-font-weight );\">Esta investigaci\u00f3n tiene constantes actualizaciones y se sigue publicando en revistas indexadas, porque es una de las m\u00e1s largas del mundo y la \u00fanica que no est\u00e1 financiada por el Estado ni por centros de investigaci\u00f3n, es realizada por integrantes del Instituto de Ac\u00fastica y Vibroac\u00fastica de Per\u00fa (INPAVAC).\u00a0<\/span><\/p><p><span style=\"color: var( --e-global-color-text ); font-family: var( --e-global-typography-text-font-family ), Sans-serif; font-weight: var( --e-global-typography-text-font-weight );\">Primera publicaci\u00f3n (octubre 2020) en la prestigiosa revista de la Sociedad estadounidense de Ac\u00fastica (Acoustical Society of America)<br \/><\/span><em><span style=\"color: var( --e-global-color-text ); font-family: var( --e-global-typography-text-font-family ), Sans-serif;\"><b>Lima soundscape before confinement and during curfew. Airplane flights suppressions because of Peruvian lockdown<br \/><\/b><\/span><\/em><a href=\"https:\/\/asa.scitation.org\/doi\/10.1121\/10.0002112\"><span style=\"color: var( --e-global-color-text ); font-family: var( --e-global-typography-text-font-family ), Sans-serif; font-weight: var( --e-global-typography-text-font-weight );\">https:\/\/asa.scitation.org\/doi\/10.1121\/10.0002112<\/span><\/a><\/p><p><span style=\"color: var( --e-global-color-text ); font-family: var( --e-global-typography-text-font-family ), Sans-serif;\"><span style=\"font-weight: var( --e-global-typography-text-font-weight );\">Este mismo art\u00edculo fue replicado por la revista <\/span><strong style=\"font-weight: var( --e-global-typography-text-font-weight );\">Publi Med<\/strong><span style=\"font-weight: var( --e-global-typography-text-font-weight );\"> (del ministerio de salud de EEUU); el estudio es considerado como referencia para analizar la reducci\u00f3n del nivel de ruido a consecuencia del confinamiento por la epidemia.<\/span><br \/><\/span><em style=\"color: var( --e-global-color-text ); font-family: var( --e-global-typography-text-font-family ), Sans-serif;\"><strong>Lima soundscape before confinement and during curfew. Airplane flights suppressions because of Peruvian lockdown<\/strong><b><br \/><\/b><\/em><a style=\"font-family: var( --e-global-typography-text-font-family ), Sans-serif; font-weight: var( --e-global-typography-text-font-weight ); background-color: #ffffff;\" href=\"https:\/\/www.ncbi.nlm.nih.gov\/pmc\/articles\/PMC7857510\/\" target=\"_blank\" rel=\"noopener\"><span style=\"color: var( --e-global-color-text ); font-family: var( --e-global-typography-text-font-family ), Sans-serif; font-weight: var( --e-global-typography-text-font-weight );\">https:\/\/www.ncbi.nlm.nih.gov\/pmc\/articles\/PMC7857510\/<\/span><\/a><\/p><p><span style=\"color: var( --e-global-color-text ); font-family: var( --e-global-typography-text-font-family ), Sans-serif; font-weight: var( --e-global-typography-text-font-weight );\">Primera publicaci\u00f3n cient\u00edfica en idioma espa\u00f1ol sobre este tema, en la revista ECOS de la Asociaci\u00f3n Uruguaya de Ac\u00fastica, con una actualizaci\u00f3n de los niveles de ruido ambiental antes y despu\u00e9s del confinamiento (en diciembre 2020).<br \/><\/span><span style=\"color: var( --e-global-color-text ); font-family: var( --e-global-typography-text-font-family ), Sans-serif; font-weight: var( --e-global-typography-text-font-weight );\"><em><strong>Niveles sonoros y soundscape at\u00edpicos en Lima por confinamiento a consecuencia del COVID-19<\/strong><\/em><br \/><\/span><a href=\"https:\/\/revistas.udelar.edu.uy\/OJS\/index.php\/ecos\/article\/view\/102\" target=\"_blank\" rel=\"noopener\"><span style=\"color: var( --e-global-color-text ); font-family: var( --e-global-typography-text-font-family ), Sans-serif; font-weight: var( --e-global-typography-text-font-weight );\">https:\/\/revistas.udelar.edu.uy\/OJS\/index.php\/ecos\/article\/view\/102<\/span><\/a><span style=\"color: var( --e-global-color-text ); font-family: var( --e-global-typography-text-font-family ), Sans-serif; font-weight: var( --e-global-typography-text-font-weight );\"><br \/><\/span><\/p><p><span style=\"color: var( --e-global-color-text ); font-family: var( --e-global-typography-text-font-family ), Sans-serif; font-weight: var( --e-global-typography-text-font-weight );\">Los resultados de un a\u00f1o completo del monitoreo, fue presentado cient\u00edficamente por primera vez en congreso internacional de ac\u00fastica que se hizo en San Petersburgo, Rusia (virtual-presencial).<\/span><\/p><p><em><strong>VIII All-Russian \u201cProtection against excessive noise and vibration,\u201d March 2021.<br \/><\/strong><\/em><strong>COVID-19 and soundscape changes due to the lockdown. The case of Lima, Peru.<\/strong><\/p><p><span style=\"color: var( --e-global-color-text ); font-family: var( --e-global-typography-text-font-family ), Sans-serif; font-weight: var( --e-global-typography-text-font-weight );\">La presentaci\u00f3n de los resultados de esta investigaci\u00f3n en el congreso de Rusia, deriv\u00f3 a su publicaci\u00f3n en una revista indexada de ac\u00fastica de Europa.<\/span><\/p><p><strong>Akustika Journal, Czech Republic<\/strong><br \/><em><b>COVID-19 and soundscape changes due to the lockdown. the case of Lima, Peru<br \/><\/b><\/em><a style=\"font-family: var( --e-global-typography-text-font-family ), Sans-serif; font-weight: var( --e-global-typography-text-font-weight ); background-color: #ffffff;\" href=\"https:\/\/www.journalakustika.com\/journal\/journal\/volume-38\/\" target=\"_blank\" rel=\"noopener\">https:\/\/www.journalakustika.com\/journal\/journal\/volume-38\/<\/a><\/p><p><span style=\"color: var( --e-global-color-text ); font-family: var( --e-global-typography-text-font-family ), Sans-serif; font-weight: var( --e-global-typography-text-font-weight );\">La investigaci\u00f3n y la experiencia del monitoreo, se present\u00f3 en Lima durante las actividades del <strong><em>D\u00eda Internacional de Concienciaci\u00f3n sobre el Ruido <\/em><\/strong>(en abril 2021):<br \/><\/span><em><strong>La cuarentena por COVID y la reducci\u00f3n del ruido en Lima<br \/><\/strong><\/em><a href=\"https:\/\/inpacta.org\/inpavac\/dia-internacional-de-concienciacion-sobre-el-ruido\/\" target=\"_blank\" rel=\"noopener\">https:\/\/inpacta.org\/inpavac\/dia-internacional-de-concienciacion-sobre-el-ruido\/<\/a><em><strong><br \/><\/strong><\/em><\/p><p><span style=\"color: var( --e-global-color-text ); font-family: var( --e-global-typography-text-font-family ), Sans-serif; font-weight: var( --e-global-typography-text-font-weight );\">Los autores presentaron en calidad de INVITED PAPER (disertaci\u00f3n invitada) en la primera y \u00fanica sesi\u00f3n cient\u00edfica que se ha realizado en el mundo sobre los cambios del ruido en las ciudades por la cuarentena, por sociedades de ac\u00fastica, y fue el \u00fanico exhibido desde Latinoam\u00e9rica.<\/span><\/p><p><strong>\u201cAcoustics in Focus\u201d The 180th Meeting of the Acoustical Society of America, 8-10 June 2021<br \/><em>COVID-19 related sound reduction. Soundscape changes during Peruvian de-escalation and \u2018abnormal\u2019 opening<\/em><\/strong><\/p><p><span style=\"color: var( --e-global-color-text ); font-family: var( --e-global-typography-text-font-family ), Sans-serif; font-weight: var( --e-global-typography-text-font-weight );\">Se hizo una presentaci\u00f3n durante la conmemoraci\u00f3n del Bicentenario por parte de la Universidad Ricardo Palma, organizadas por la Facultad de Ciencias Econ\u00f3micas y Empresariales (en junio 2021):<br \/><\/span><strong>Cambios en el\u00a0 paisaje sonoro a consecuencia del COVID. Una oportunidad para preservar y crear nuevos espacios urbanos<\/strong><\/p><p><span style=\"color: var( --e-global-color-text ); font-family: var( --e-global-typography-text-font-family ), Sans-serif; font-weight: var( --e-global-typography-text-font-weight );\">Se hizo una presentaci\u00f3n durante la conmemoraci\u00f3n del Bicentenario por parte del Colegio de Arquitectura de Per\u00fa-CAP (en agosto 2021):<br \/><\/span><strong>Los paradigmas multidisciplinarios en las ciudades latinoamericanas sobre los pilares de la sostenibilidad<\/strong><\/p><p><span style=\"color: var( --e-global-color-text ); font-family: var( --e-global-typography-text-font-family ), Sans-serif; font-weight: var( --e-global-typography-text-font-weight );\">Por la repercusi\u00f3n cient\u00edfica que tuvo la presentaci\u00f3n en el congreso de Rusia y su posterior publicaci\u00f3n en la revista AKUSTIKA, se invit\u00f3 a los autores a publicar una nueva actualizaci\u00f3n de la investigaci\u00f3n, para la revista cient\u00edfica de las sociedades de ac\u00fastica de Rusia (de octubre de 2021):<br \/><\/span><strong>Noise Theory and Practice, Acoustic Journal<\/strong><br \/><em><strong>One year of sound monitoring since July 2020 during COVID-19 pandemic at one neighborhood in Lima, Peru<br \/><\/strong><\/em><a href=\"http:\/\/media.noisetp.com\/filer_public\/2d\/f9\/2df9a944-8f40-4180-84f4-b471bb81ad51\/noisetp2021issure4_7pp7-18.pdf\" target=\"_blank\" rel=\"noopener\">http:\/\/media.noisetp.com\/filer_public\/2d\/f9\/2df9a944-8f40-4180-84f4-b471bb81ad51\/noisetp2021issure4_7pp7-18.pdf<\/a><\/p><p><span style=\"color: var( --e-global-color-text ); font-family: var( --e-global-typography-text-font-family ), Sans-serif; font-weight: var( --e-global-typography-text-font-weight );\">Se presentar\u00e1 una nueva actualizaci\u00f3n de esta investigaci\u00f3n:<\/span><\/p><p><em><strong>Impacto sonoro por sobrevuelo de aeronaves. Monitoreo del ruido antes y durante las distintas fases del COVID-19. El caso de Lima, Per\u00fa<br \/><\/strong><\/em>En el <strong>Simposio Ac\u00fastica y Vibraciones 2021<\/strong> organizado por la Facultad de Ingenier\u00eda Mec\u00e1nica y El\u00e9ctrica de la Universidad Aut\u00f3noma de Nuevo Le\u00f3n, M\u00e9xico.<\/p>\t\t\t\t\t\t\t\t<\/div>\n\t\t\t\t<\/div>\n\t\t\t\t<div class=\"elementor-element elementor-element-09ed0cb elementor-widget elementor-widget-spacer\" data-id=\"09ed0cb\" data-element_type=\"widget\" data-widget_type=\"spacer.default\">\n\t\t\t\t<div class=\"elementor-widget-container\">\n\t\t\t\t\t\t\t<div class=\"elementor-spacer\">\n\t\t\t<div class=\"elementor-spacer-inner\"><\/div>\n\t\t<\/div>\n\t\t\t\t\t\t<\/div>\n\t\t\t\t<\/div>\n\t\t\t\t\t<\/div>\n\t\t<\/div>\n\t\t\t\t\t<\/div>\n\t\t<\/section>\n\t\t\t\t<\/div>\n\t\t","protected":false},"excerpt":{"rendered":"<p>Desde febrero de 2020 en una azotea de una quinta en Magdalena del Mar, se inici\u00f3 un monitoreo de ruido ambiental para registrar el nivel sonoro producido por el sobrevuelo de aeronaves. En marzo la cuarentena impuesta por el gobierno para controlar la propagaci\u00f3n de la pandemia, produjo el cierre del aeropuerto internacional de Lima, [&hellip;]<\/p>\n","protected":false},"author":1,"featured_media":0,"parent":7207,"menu_order":0,"comment_status":"closed","ping_status":"closed","template":"template\/full-width-template.php","meta":{"footnotes":""},"class_list":["post-8125","page","type-page","status-publish","hentry"],"yoast_head":"<!-- This site is optimized with the Yoast SEO plugin v26.0 - https:\/\/yoast.com\/wordpress\/plugins\/seo\/ -->\n<title>El ruido ambiental en Magdalena del Mar en tiempos de la COVID - Inpavac<\/title>\n<meta name=\"robots\" content=\"index, follow, max-snippet:-1, max-image-preview:large, max-video-preview:-1\" \/>\n<link rel=\"canonical\" href=\"https:\/\/inpacta.org\/inpavac\/inicio\/laboratorio\/el-ruido-ambiental-en-magdalena-del-mar-en-tiempos-de-la-covid\/\" \/>\n<meta property=\"og:locale\" content=\"es_ES\" \/>\n<meta property=\"og:type\" content=\"article\" \/>\n<meta property=\"og:title\" content=\"El ruido ambiental en Magdalena del Mar en tiempos de la COVID - Inpavac\" \/>\n<meta property=\"og:description\" content=\"Desde febrero de 2020 en una azotea de una quinta en Magdalena del Mar, se inici\u00f3 un monitoreo de ruido ambiental para registrar el nivel sonoro producido por el sobrevuelo de aeronaves. En marzo la cuarentena impuesta por el gobierno para controlar la propagaci\u00f3n de la pandemia, produjo el cierre del aeropuerto internacional de Lima, [&hellip;]\" \/>\n<meta property=\"og:url\" content=\"https:\/\/inpacta.org\/inpavac\/inicio\/laboratorio\/el-ruido-ambiental-en-magdalena-del-mar-en-tiempos-de-la-covid\/\" \/>\n<meta property=\"og:site_name\" content=\"Inpavac\" \/>\n<meta property=\"article:modified_time\" content=\"2021-10-13T01:49:45+00:00\" \/>\n<meta name=\"twitter:card\" content=\"summary_large_image\" \/>\n<meta name=\"twitter:label1\" content=\"Tiempo de lectura\" \/>\n\t<meta name=\"twitter:data1\" content=\"4 minutos\" \/>\n<script type=\"application\/ld+json\" class=\"yoast-schema-graph\">{\"@context\":\"https:\/\/schema.org\",\"@graph\":[{\"@type\":\"WebPage\",\"@id\":\"https:\/\/inpacta.org\/inpavac\/inicio\/laboratorio\/el-ruido-ambiental-en-magdalena-del-mar-en-tiempos-de-la-covid\/\",\"url\":\"https:\/\/inpacta.org\/inpavac\/inicio\/laboratorio\/el-ruido-ambiental-en-magdalena-del-mar-en-tiempos-de-la-covid\/\",\"name\":\"El ruido ambiental en Magdalena del Mar en tiempos de la COVID - Inpavac\",\"isPartOf\":{\"@id\":\"https:\/\/inpacta.org\/inpavac\/#website\"},\"datePublished\":\"2021-10-13T00:39:55+00:00\",\"dateModified\":\"2021-10-13T01:49:45+00:00\",\"breadcrumb\":{\"@id\":\"https:\/\/inpacta.org\/inpavac\/inicio\/laboratorio\/el-ruido-ambiental-en-magdalena-del-mar-en-tiempos-de-la-covid\/#breadcrumb\"},\"inLanguage\":\"es\",\"potentialAction\":[{\"@type\":\"ReadAction\",\"target\":[\"https:\/\/inpacta.org\/inpavac\/inicio\/laboratorio\/el-ruido-ambiental-en-magdalena-del-mar-en-tiempos-de-la-covid\/\"]}]},{\"@type\":\"BreadcrumbList\",\"@id\":\"https:\/\/inpacta.org\/inpavac\/inicio\/laboratorio\/el-ruido-ambiental-en-magdalena-del-mar-en-tiempos-de-la-covid\/#breadcrumb\",\"itemListElement\":[{\"@type\":\"ListItem\",\"position\":1,\"name\":\"Portada\",\"item\":\"https:\/\/inpacta.org\/inpavac\/\"},{\"@type\":\"ListItem\",\"position\":2,\"name\":\"inicio\",\"item\":\"https:\/\/inpacta.org\/inpavac\/\"},{\"@type\":\"ListItem\",\"position\":3,\"name\":\"Laboratorio\",\"item\":\"https:\/\/inpacta.org\/inpavac\/inicio\/laboratorio\/\"},{\"@type\":\"ListItem\",\"position\":4,\"name\":\"El ruido ambiental en Magdalena del Mar en tiempos de la COVID\"}]},{\"@type\":\"WebSite\",\"@id\":\"https:\/\/inpacta.org\/inpavac\/#website\",\"url\":\"https:\/\/inpacta.org\/inpavac\/\",\"name\":\"Inpavac\",\"description\":\"Instituto para el acondicionamiento, conservaci\u00f3ny desarrollo territorial\",\"potentialAction\":[{\"@type\":\"SearchAction\",\"target\":{\"@type\":\"EntryPoint\",\"urlTemplate\":\"https:\/\/inpacta.org\/inpavac\/?s={search_term_string}\"},\"query-input\":{\"@type\":\"PropertyValueSpecification\",\"valueRequired\":true,\"valueName\":\"search_term_string\"}}],\"inLanguage\":\"es\"}]}<\/script>\n<!-- \/ Yoast SEO plugin. -->","yoast_head_json":{"title":"El ruido ambiental en Magdalena del Mar en tiempos de la COVID - Inpavac","robots":{"index":"index","follow":"follow","max-snippet":"max-snippet:-1","max-image-preview":"max-image-preview:large","max-video-preview":"max-video-preview:-1"},"canonical":"https:\/\/inpacta.org\/inpavac\/inicio\/laboratorio\/el-ruido-ambiental-en-magdalena-del-mar-en-tiempos-de-la-covid\/","og_locale":"es_ES","og_type":"article","og_title":"El ruido ambiental en Magdalena del Mar en tiempos de la COVID - Inpavac","og_description":"Desde febrero de 2020 en una azotea de una quinta en Magdalena del Mar, se inici\u00f3 un monitoreo de ruido ambiental para registrar el nivel sonoro producido por el sobrevuelo de aeronaves. En marzo la cuarentena impuesta por el gobierno para controlar la propagaci\u00f3n de la pandemia, produjo el cierre del aeropuerto internacional de Lima, [&hellip;]","og_url":"https:\/\/inpacta.org\/inpavac\/inicio\/laboratorio\/el-ruido-ambiental-en-magdalena-del-mar-en-tiempos-de-la-covid\/","og_site_name":"Inpavac","article_modified_time":"2021-10-13T01:49:45+00:00","twitter_card":"summary_large_image","twitter_misc":{"Tiempo de lectura":"4 minutos"},"schema":{"@context":"https:\/\/schema.org","@graph":[{"@type":"WebPage","@id":"https:\/\/inpacta.org\/inpavac\/inicio\/laboratorio\/el-ruido-ambiental-en-magdalena-del-mar-en-tiempos-de-la-covid\/","url":"https:\/\/inpacta.org\/inpavac\/inicio\/laboratorio\/el-ruido-ambiental-en-magdalena-del-mar-en-tiempos-de-la-covid\/","name":"El ruido ambiental en Magdalena del Mar en tiempos de la COVID - Inpavac","isPartOf":{"@id":"https:\/\/inpacta.org\/inpavac\/#website"},"datePublished":"2021-10-13T00:39:55+00:00","dateModified":"2021-10-13T01:49:45+00:00","breadcrumb":{"@id":"https:\/\/inpacta.org\/inpavac\/inicio\/laboratorio\/el-ruido-ambiental-en-magdalena-del-mar-en-tiempos-de-la-covid\/#breadcrumb"},"inLanguage":"es","potentialAction":[{"@type":"ReadAction","target":["https:\/\/inpacta.org\/inpavac\/inicio\/laboratorio\/el-ruido-ambiental-en-magdalena-del-mar-en-tiempos-de-la-covid\/"]}]},{"@type":"BreadcrumbList","@id":"https:\/\/inpacta.org\/inpavac\/inicio\/laboratorio\/el-ruido-ambiental-en-magdalena-del-mar-en-tiempos-de-la-covid\/#breadcrumb","itemListElement":[{"@type":"ListItem","position":1,"name":"Portada","item":"https:\/\/inpacta.org\/inpavac\/"},{"@type":"ListItem","position":2,"name":"inicio","item":"https:\/\/inpacta.org\/inpavac\/"},{"@type":"ListItem","position":3,"name":"Laboratorio","item":"https:\/\/inpacta.org\/inpavac\/inicio\/laboratorio\/"},{"@type":"ListItem","position":4,"name":"El ruido ambiental en Magdalena del Mar en tiempos de la COVID"}]},{"@type":"WebSite","@id":"https:\/\/inpacta.org\/inpavac\/#website","url":"https:\/\/inpacta.org\/inpavac\/","name":"Inpavac","description":"Instituto para el acondicionamiento, conservaci\u00f3ny desarrollo territorial","potentialAction":[{"@type":"SearchAction","target":{"@type":"EntryPoint","urlTemplate":"https:\/\/inpacta.org\/inpavac\/?s={search_term_string}"},"query-input":{"@type":"PropertyValueSpecification","valueRequired":true,"valueName":"search_term_string"}}],"inLanguage":"es"}]}},"_links":{"self":[{"href":"https:\/\/inpacta.org\/inpavac\/wp-json\/wp\/v2\/pages\/8125","targetHints":{"allow":["GET"]}}],"collection":[{"href":"https:\/\/inpacta.org\/inpavac\/wp-json\/wp\/v2\/pages"}],"about":[{"href":"https:\/\/inpacta.org\/inpavac\/wp-json\/wp\/v2\/types\/page"}],"author":[{"embeddable":true,"href":"https:\/\/inpacta.org\/inpavac\/wp-json\/wp\/v2\/users\/1"}],"replies":[{"embeddable":true,"href":"https:\/\/inpacta.org\/inpavac\/wp-json\/wp\/v2\/comments?post=8125"}],"version-history":[{"count":19,"href":"https:\/\/inpacta.org\/inpavac\/wp-json\/wp\/v2\/pages\/8125\/revisions"}],"predecessor-version":[{"id":8159,"href":"https:\/\/inpacta.org\/inpavac\/wp-json\/wp\/v2\/pages\/8125\/revisions\/8159"}],"up":[{"embeddable":true,"href":"https:\/\/inpacta.org\/inpavac\/wp-json\/wp\/v2\/pages\/7207"}],"wp:attachment":[{"href":"https:\/\/inpacta.org\/inpavac\/wp-json\/wp\/v2\/media?parent=8125"}],"curies":[{"name":"wp","href":"https:\/\/api.w.org\/{rel}","templated":true}]}}